{"id":6333,"date":"2020-09-03T09:25:36","date_gmt":"2020-09-03T06:25:36","guid":{"rendered":"https:\/\/joellekozmetik.com\/contacts\/"},"modified":"2024-09-24T21:45:07","modified_gmt":"2024-09-24T18:45:07","slug":"contacts","status":"publish","type":"page","link":"https:\/\/joellekozmetik.com\/tr\/contacts\/","title":{"rendered":"\u0130leti\u015fim"},"content":{"rendered":"\t\t<div data-elementor-type=\"wp-page\" data-elementor-id=\"6333\" class=\"elementor elementor-6333 elementor-59\">\n\t\t\t\t\t\t<section class=\"elementor-section elementor-top-section elementor-element elementor-element-6147fc8 elementor-section-boxed elementor-section-height-default elementor-section-height-default\" data-id=\"6147fc8\" data-element_type=\"section\">\n\t\t\t\t\t\t<div class=\"elementor-container elementor-column-gap-extended\">\n\t\t\t\t\t<div class=\"elementor-column elementor-col-33 elementor-top-column elementor-element elementor-element-fbc04fc\" data-id=\"fbc04fc\" data-element_type=\"column\">\n\t\t\t<div class=\"elementor-widget-wrap elementor-element-populated\">\n\t\t\t\t\t\t<div class=\"elementor-element elementor-element-124f91b icon-position-top alignment-center elementor-widget elementor-widget-cosmecos_icon_box\" data-id=\"124f91b\" data-element_type=\"widget\" data-widget_type=\"cosmecos_icon_box.default\">\n\t\t\t\t<div class=\"elementor-widget-container\">\n\t\t\t\t\t\n        <div class=\"cosmecos-icon-box-widget\">\n            <div class=\"icon-box-item\">\n\n                <div class=\"icon-container background-type-svg icon-frame-type-triangle\">\n                    <span class=\"icon\"><?xml version=\"1.0\" encoding=\"UTF-8\"?>\n<svg id=\"Layer_1\" data-name=\"Layer 1\" xmlns=\"http:\/\/www.w3.org\/2000\/svg\" viewBox=\"0 0 134.66 99.69\">\n  <defs>\n    <style>\n      .cls-1 {\n        fill: #cf1d86;\n      }\n\n      .cls-1, .cls-2 {\n        stroke-width: 0px;\n      }\n\n      .cls-2 {\n        fill: #2599d5;\n      }\n    <\/style>\n  <\/defs>\n  <path class=\"cls-1\" d=\"M69.68,0c2.13.39,4.3.64,6.38,1.19,13.23,3.51,23.04,15.3,24.23,28.91.73,8.39-1.55,15.95-5.97,22.99-3.82,6.09-8.39,11.61-12.77,17.28-.71.92-1.43,1.83-2.22,2.86,1.62.32,3.14.59,4.63.93,3.68.83,7.29,1.91,10.52,3.9,1.42.87,2.8,1.92,3.92,3.14,2.76,2.99,2.7,6.67,0,9.73-1.71,1.94-3.87,3.23-6.19,4.28-4.68,2.13-9.64,3.21-14.71,3.83-7.97.98-15.92.87-23.83-.54-4.97-.89-9.83-2.15-14.13-4.9-1.32-.84-2.56-1.91-3.57-3.1-2.33-2.74-2.29-6.08-.06-8.91,1.93-2.44,4.56-3.9,7.36-5.09,3.66-1.56,7.5-2.46,11.41-3.11.18-.03.36-.07.7-.13-.32-.43-.56-.75-.81-1.08-4.31-5.69-8.72-11.29-12.88-17.08-3.43-4.77-5.87-10.04-6.94-15.9C31.51,21.46,43.13,4.21,60.8.65,62.13.38,63.48.21,64.81,0c1.62,0,3.24,0,4.87,0ZM67.32,82.65c.23-.29.4-.47.55-.67,3.89-5.11,7.81-10.19,11.65-15.34,3.86-5.16,7.84-10.26,11.42-15.61,4.52-6.77,6.49-14.26,5.25-22.47C93.53,10.98,75.18-.31,58.34,5.32c-16.19,5.41-24.38,22.97-18.15,38.94,1.91,4.88,4.83,9.17,7.97,13.3,5.81,7.64,11.68,15.23,17.52,22.85.55.71,1.06,1.45,1.64,2.24ZM67.29,95.83c1.82-.1,4.86-.2,7.9-.47,4.76-.43,9.43-1.35,13.91-3.07,2.22-.85,4.37-1.85,6.08-3.56,1.81-1.8,1.85-3.6-.01-5.3-1.02-.93-2.18-1.75-3.4-2.4-4.57-2.41-9.55-3.41-14.61-4.09-.33-.04-.85.26-1.07.56-2.28,3.03-4.53,6.09-6.77,9.15-1.32,1.8-2.62,1.8-3.92.02-2.24-3.06-4.5-6.11-6.73-9.18-.35-.48-.71-.68-1.3-.55-3.01.65-6.05,1.15-9.01,1.94-3.11.83-6.09,2.05-8.54,4.25-2.24,2.01-2.31,4.01.06,5.88,1.58,1.25,3.39,2.29,5.26,3.05,6.7,2.74,13.78,3.49,22.18,3.77Z\"\/>\n  <path class=\"cls-2\" d=\"M80.97,33.05c.01,7.5-6.07,13.64-13.56,13.67-7.54.03-13.7-6.1-13.69-13.63,0-7.5,6.11-13.61,13.61-13.62,7.49-.01,13.63,6.1,13.64,13.58ZM77.07,33.07c-.01-5.34-4.38-9.71-9.73-9.71-5.38,0-9.77,4.41-9.73,9.8.03,5.34,4.43,9.69,9.77,9.66,5.34-.02,9.7-4.41,9.69-9.75Z\"\/>\n  <path class=\"cls-2\" d=\"M92.64,32.31c0,.36.01.66,0,.95-.06,1.11-.86,1.93-1.9,1.96-1.06.02-1.96-.83-1.97-1.98-.02-2.55-.4-5.04-1.3-7.43-2.3-6.11-6.5-10.35-12.57-12.74-1.17-.46-1.74-1.17-1.65-2.11.13-1.39,1.44-2.12,2.9-1.57,5.7,2.15,10.1,5.88,13.15,11.15,2.12,3.66,3.19,7.63,3.34,11.78Z\"\/>\n  <path class=\"cls-2\" d=\"M67.46,11.67c-1.08-.04-1.93-.96-1.87-2.05.05-1.04.95-1.86,1.99-1.83,1.03.03,1.89.93,1.89,1.95,0,1.07-.94,1.96-2.01,1.93Z\"\/>\n<\/svg><\/span><span class=\"frame frame-type-triangle\"><svg xmlns=\"http:\/\/www.w3.org\/2000\/svg\" viewBox=\"0 0 204.77977 191.26611\"><path d=\"m 0.55078125,0.00390625 c -0.49375001,0.04375 -0.66875001,0.44453123 -0.46875,1.14453125 C 0.48203126,2.0817709 4.6140624,16.882031 9.4140625,34.082031 14.214063,51.282032 19.014844,68.614323 20.214844,72.347656 c 1.066666,3.866667 2.399739,7.066406 3.066406,7.066406 0.533333,0 -3.60013,-16.933462 -9.466797,-37.466796 C 8.0811196,21.280598 3.680599,4.0816406 3.9472656,3.6816406 4.6139323,3.1483073 263.14766,59.547396 268.34766,61.414062 c 0.93333,0.266667 -9.59961,11.466927 -23.59961,24.933594 -13.86667,13.466667 -24.66667,24.534114 -24,24.800784 -12.53065,13.7741 53.59896,-49.466539 52.26562,-50.533206 -0.53333,-0.4 -61.46627,-14.133723 -135.59961,-30.40039 C 63.280721,13.948177 2.0817708,0.34869792 1.1484375,0.08203125 0.91510416,0.01536458 0.71536459,-0.01067708 0.55078125,0.00390625 Z M 169.28125,160.74805 c -0.8,0 -22.66601,20.40065 -48.66602,45.33398 -25.866663,24.93334 -47.467183,44.79896 -47.867183,44.26563 -0.533333,-0.53334 -5.600651,-18.00026 -11.333985,-38.9336 -9.466666,-34.4 -12.666015,-44.26653 -12.666015,-38.5332 0,2.26667 22.265885,81.19948 23.199219,82.13281 0.4,0.4 18.267707,-16.26497 39.734374,-36.93164 54.13334,-52.26667 59.19961,-57.33398 57.59961,-57.33398 z\" \/><\/svg><\/span>                <\/div>\n\n                <div class=\"content-container\">\n                    <h5 class=\"icon-box-title\"><span class=\"icon-box-title-decoration\"><\/span><span class=\"cosmecos-heading-content\">Adres<\/span><\/h5>\n                    <div class=\"icon-box-info\">\n                        <p><a href=\"https:\/\/maps.app.goo.gl\/D7GyESD3spqACkzaA\"><span style=\"font-weight: 400;\">SANAY\u0130 MAH. 60208 NOLU CAD. NO: 84 \u015eEH\u0130TKAM\u0130L \/ <\/span><span style=\"font-weight: 400;\">Gaziantep - Turkey<\/span><\/a><\/p>                    <\/div>\n                <\/div>\n            <\/div>\n        <\/div>\n        \t\t\t\t<\/div>\n\t\t\t\t<\/div>\n\t\t\t\t\t<\/div>\n\t\t<\/div>\n\t\t\t\t<div class=\"elementor-column elementor-col-33 elementor-top-column elementor-element elementor-element-dccfea8\" data-id=\"dccfea8\" data-element_type=\"column\">\n\t\t\t<div class=\"elementor-widget-wrap elementor-element-populated\">\n\t\t\t\t\t\t<div class=\"elementor-element elementor-element-c12c9f0 icon-position-top alignment-center elementor-widget elementor-widget-cosmecos_icon_box\" data-id=\"c12c9f0\" data-element_type=\"widget\" data-widget_type=\"cosmecos_icon_box.default\">\n\t\t\t\t<div class=\"elementor-widget-container\">\n\t\t\t\t\t\n        <div class=\"cosmecos-icon-box-widget\">\n            <div class=\"icon-box-item\">\n\n                <div class=\"icon-container background-type-svg icon-frame-type-square-2\">\n                    <span class=\"icon\"><?xml version=\"1.0\" encoding=\"UTF-8\"?>\n<svg id=\"Layer_1\" data-name=\"Layer 1\" xmlns=\"http:\/\/www.w3.org\/2000\/svg\" viewBox=\"0 0 134.66 99.69\">\n  <defs>\n    <style>\n      .cls-1 {\n        fill: #cf1d86;\n      }\n\n      .cls-1, .cls-2 {\n        stroke-width: 0px;\n      }\n\n      .cls-2 {\n        fill: #2599d5;\n      }\n    <\/style>\n  <\/defs>\n  <path class=\"cls-1\" d=\"M79.21,99.69c-1.24-.23-2.49-.41-3.71-.69-3.62-.83-6.79-2.69-9.98-4.48-20.28-11.41-35.32-27.76-45.7-48.5-1.16-2.31-1.88-4.75-2.17-7.32-.02-.18-.11-.36-.17-.54,0-1.43,0-2.86,0-4.28.22-1.11.39-2.23.66-3.32.99-4.02,2.91-7.54,5.78-10.53,1.39-1.45,2.82-2.87,4.26-4.27,2.4-2.33,5.71-2.33,8.09.03,5.13,5.1,10.25,10.21,15.35,15.35,2.36,2.38,2.34,5.69,0,8.09-2,2.04-4.03,4.04-6.05,6.06-1.96,1.97-2.15,3.6-.63,5.88.9,1.35,1.86,2.66,2.79,3.98.81,1.15.71,2.31-.26,3-.91.65-2.08.39-2.86-.69-1.12-1.55-2.24-3.1-3.28-4.71-2.04-3.15-1.63-7.02,1.02-9.73,2.06-2.11,4.17-4.18,6.26-6.27,1.18-1.19,1.18-1.96,0-3.14-4.93-4.94-9.86-9.87-14.8-14.8-1.19-1.19-1.97-1.21-3.13-.02-1.81,1.86-3.81,3.58-5.33,5.66-4.59,6.26-5.33,13.07-1.88,20.07,6.21,12.62,14.54,23.68,25.02,33.09,7.33,6.58,15.43,12.04,24.31,16.31,7.12,3.42,15.56,2.07,21.34-3.33,1.49-1.4,2.92-2.86,4.35-4.32.93-.95.93-1.85-.02-2.8-5.04-5.06-10.09-10.1-15.14-15.14-.98-.98-1.85-.94-2.86.07-2.05,2.04-4.08,4.09-6.13,6.12-3.02,2.99-6.83,3.39-10.34,1.01-2.17-1.47-4.27-3.06-6.37-4.63-1.13-.84-1.35-2.02-.64-2.94.73-.95,1.85-.99,3.01-.14,2.06,1.52,4.12,3.05,6.22,4.51,1.85,1.29,3.66,1.12,5.28-.47,2.11-2.07,4.18-4.18,6.27-6.26,2.54-2.52,5.82-2.52,8.36.01,5.03,5.02,10.06,10.04,15.07,15.07,2.53,2.54,2.53,5.83.01,8.38-1.57,1.59-3.13,3.21-4.79,4.7-3.7,3.33-8.06,5.24-13.02,5.77-.22.02-.44.11-.65.16h-3.5Z\"\/>\n  <path class=\"cls-2\" d=\"M117.17,41.99c0,.14.01.49,0,.85-.04,1.19-.82,2.02-1.92,2.03-1.09.01-1.88-.79-1.97-1.98-.18-2.16-.24-4.35-.59-6.48-2.66-16.27-15.73-29.32-31.97-31.94-2.01-.32-4.06-.43-6.09-.56-1.48-.1-2.37-.82-2.33-2.03.04-1.18.93-1.88,2.36-1.87,18.97.11,35.74,12.98,40.93,31.41.95,3.39,1.44,6.85,1.58,10.58Z\"\/>\n  <path class=\"cls-2\" d=\"M105.47,42.06c0,.29.02.58,0,.88-.08,1.13-.86,1.92-1.92,1.94-1.09.02-1.82-.8-1.98-1.97-.34-2.59-.49-5.25-1.19-7.75-2.94-10.62-12.73-18.54-23.71-19.41-.71-.06-1.42-.11-2.14-.13-1.4-.05-2.27-.83-2.23-2.01.04-1.18.94-1.91,2.36-1.88,5.53.11,10.68,1.55,15.45,4.35,9.16,5.37,15.08,15.39,15.36,26.01Z\"\/>\n  <path class=\"cls-2\" d=\"M93.73,41.85c.07,2.32-1.08,3.4-2.52,2.93-1-.33-1.32-1.12-1.35-2.12-.11-3.65-1.28-6.92-3.65-9.72-3.04-3.59-6.94-5.42-11.63-5.61-.82-.03-1.66-.16-1.96-.97-.21-.57-.23-1.34-.02-1.92.31-.86,1.16-1.04,2.02-1.01,4.24.13,8.09,1.41,11.44,4.02,4.86,3.79,7.38,8.82,7.67,14.4Z\"\/>\n  <path class=\"cls-2\" d=\"M82.01,42.72c.02,1.21-.68,2.06-1.78,2.14-1.1.08-1.9-.63-2.08-1.85-.39-2.67-1.32-3.59-4.04-4.01-1.21-.18-1.91-1.01-1.8-2.11.11-1.1.95-1.77,2.18-1.74,4.09.11,7.45,3.49,7.52,7.56Z\"\/>\n  <path class=\"cls-2\" d=\"M53.95,63.18c.02,1.07-.8,1.94-1.86,1.98-1.07.04-2-.86-2-1.95,0-1.06.85-1.9,1.92-1.91,1.08,0,1.92.8,1.94,1.88Z\"\/>\n<\/svg><\/span><span class=\"frame frame-type-square-2\"><svg xmlns=\"http:\/\/www.w3.org\/2000\/svg\" version=\"1.1\" viewBox=\"0 0 97.839996 97.830002\"><path d=\"M 75.44,97.83 H 0 V 23.09 h 1 v 73.74 h 74.44 z m 22.4,-23.6 h -1 V 1 H 22.4 V 0 h 75.44 z\" \/><\/svg><\/span>                <\/div>\n\n                <div class=\"content-container\">\n                    <h5 class=\"icon-box-title\"><span class=\"icon-box-title-decoration\"><\/span><span class=\"cosmecos-heading-content\">Telefon<\/span><\/h5>\n                    <div class=\"icon-box-info\">\n                        <p><a href=\"https:\/\/api.whatsapp.com\/send\/?phone=905360572000&amp;text&amp;type=phone_number&amp;app_absent=0\">0090<span style=\"font-weight: 400;\">05360572000<\/span><\/a><br \/><a href=\"https:\/\/api.whatsapp.com\/send\/?phone=905360512000&amp;text&amp;type=phone_number&amp;app_absent=0\">0090<span style=\"font-weight: 400;\">05360512000<\/span><\/a><\/p>                    <\/div>\n                <\/div>\n            <\/div>\n        <\/div>\n        \t\t\t\t<\/div>\n\t\t\t\t<\/div>\n\t\t\t\t\t<\/div>\n\t\t<\/div>\n\t\t\t\t<div class=\"elementor-column elementor-col-33 elementor-top-column elementor-element elementor-element-c97b7fd\" data-id=\"c97b7fd\" data-element_type=\"column\">\n\t\t\t<div class=\"elementor-widget-wrap elementor-element-populated\">\n\t\t\t\t\t\t<div class=\"elementor-element elementor-element-e5e91a6 icon-position-top alignment-center elementor-widget elementor-widget-cosmecos_icon_box\" data-id=\"e5e91a6\" data-element_type=\"widget\" data-widget_type=\"cosmecos_icon_box.default\">\n\t\t\t\t<div class=\"elementor-widget-container\">\n\t\t\t\t\t\n        <div class=\"cosmecos-icon-box-widget\">\n            <div class=\"icon-box-item\">\n\n                <div class=\"icon-container background-type-svg icon-frame-type-circle\">\n                    <span class=\"icon\"><?xml version=\"1.0\" encoding=\"UTF-8\"?>\n<svg id=\"Layer_1\" data-name=\"Layer 1\" xmlns=\"http:\/\/www.w3.org\/2000\/svg\" viewBox=\"0 0 134.66 99.69\">\n  <defs>\n    <style>\n      .cls-1 {\n        fill: #cf1d86;\n      }\n\n      .cls-1, .cls-2 {\n        stroke-width: 0px;\n      }\n\n      .cls-2 {\n        fill: #2599d5;\n      }\n    <\/style>\n  <\/defs>\n  <path class=\"cls-1\" d=\"M67.93,0c3.01,2.66,6.01,5.33,9.05,7.95.37.32.96.54,1.45.55,6.42.04,12.85.02,19.27.02,2.12,0,2.44.32,2.44,2.4,0,6.2.01,12.39-.01,18.59,0,.71.21,1.2.72,1.69,3.81,3.67,7.58,7.38,11.39,11.04.82.78,1.17,1.66,1.17,2.76,0,16.87,0,33.74-.01,50.62,0,2.61-1.53,4.07-4.15,4.07-27.94,0-55.87,0-83.81,0-2.73,0-4.19-1.47-4.19-4.22,0-16.74,0-33.48-.01-50.23,0-1.24.37-2.21,1.31-3.09,3.77-3.52,7.47-7.12,11.22-10.66.51-.48.74-.96.73-1.68-.03-6.33-.02-12.65-.02-18.98,0-1.87.43-2.3,2.28-2.3,6.59,0,13.17-.02,19.76.02.93,0,1.57-.28,2.21-.91,2.65-2.57,5.33-5.1,8.01-7.65.39,0,.78,0,1.17,0ZM37.64,11.67c-.02.38-.05.66-.05.95,0,14.15,0,28.29.02,42.44,0,.47.28,1.06.62,1.4,4.06,3.97,8.15,7.9,12.24,11.85.15.15.33.28.51.42.31-.29.57-.53.83-.78,4.22-4.08,8.45-8.16,12.67-12.24,1.92-1.85,3.78-1.86,5.69,0,3.87,3.74,7.75,7.48,11.62,11.22.62.6,1.26,1.2,1.88,1.79.14-.1.23-.14.3-.2,4.2-4.06,8.41-8.1,12.58-12.19.31-.31.49-.9.49-1.36.03-14.08.02-28.16.02-42.24,0-.34-.03-.68-.05-1.05h-59.39ZM26.77,96.5h81.24c-.54-.48-.91-.79-1.25-1.13-12.83-12.39-25.67-24.79-38.5-37.18q-.91-.88-1.83,0c-10.1,9.76-20.21,19.51-30.31,29.27-3.08,2.97-6.15,5.95-9.35,9.04ZM24.45,47.51v46.88c8.17-7.89,16.2-15.64,24.28-23.44-8.1-7.82-16.12-15.57-24.28-23.44ZM110.24,94.39v-46.88c-8.17,7.89-16.2,15.65-24.27,23.45,8.1,7.82,16.11,15.56,24.27,23.43ZM109.48,43.91c-3.07-3-6.09-5.93-9.22-8.99v17.9c3.15-3.04,6.16-5.95,9.22-8.91ZM34.39,52.77v-17.6c-3.12,2.99-6.12,5.86-9.16,8.76,3.07,2.96,6.05,5.84,9.16,8.84ZM72.82,8.49c-1.93-1.7-3.66-3.23-5.45-4.81-1.65,1.58-3.26,3.11-5.05,4.81h10.49Z\"\/>\n  <path class=\"cls-2\" d=\"M71.81,38.29c-1.78,1.75-3.84,2.48-6.25,1.85-3.15-.82-5.13-3.88-4.6-7.05.53-3.16,3.41-5.45,6.62-5.23,3.16.21,5.66,2.8,5.81,6,.08,1.84,1.11,3.13,2.65,3.34,2.1.29,3.68-1.17,3.64-3.38-.09-4.99-3.26-9.55-7.92-11.37-4.74-1.86-10.16-.71-13.6,2.99-3.53,3.78-4.5,8.23-2.69,13.06,1.81,4.82,5.46,7.5,10.6,8.09.39.04.78.05,1.16.1.93.11,1.52.76,1.48,1.61-.04.84-.71,1.57-1.63,1.45-1.82-.23-3.7-.41-5.41-1.02-6.71-2.39-10.8-9.16-10.07-16.37.7-6.9,6.23-12.63,13.17-13.7,9.38-1.44,17.7,5.66,18.03,14.93.1,2.83-1.06,5.02-3.68,6.2-2.6,1.17-5,.64-7.07-1.34-.05-.04-.11-.07-.25-.15ZM70.28,34.07c-.01-1.76-1.42-3.13-3.18-3.11-1.71.02-3.07,1.4-3.08,3.11,0,1.76,1.37,3.15,3.13,3.15,1.77,0,3.14-1.38,3.13-3.15Z\"\/>\n<\/svg><\/span><span class=\"frame frame-type-circle\"><svg xmlns=\"http:\/\/www.w3.org\/2000\/svg\" version=\"1.1\" viewBox=\"0 0 96.207634 96.270554\"><path d=\"M 42.56,100.71028 C 25.871492,100.76384 10.120759,92.999493 0,79.73 L 0.79,79.12 C 14.525735,97.011529 38.130854,104.1682 59.489529,96.916701 80.848203,89.665201 95.216667,69.616091 95.22,47.06 95.274439,30.645934 87.621237,15.158105 74.55,5.23 L 75.16,4.44 C 93.42143,18.418153 100.74541,42.478777 93.369303,64.260917 85.993196,86.043058 65.557142,100.70328 42.56,100.71028 Z\" \/><\/svg><\/span>                <\/div>\n\n                <div class=\"content-container\">\n                    <h5 class=\"icon-box-title\"><span class=\"icon-box-title-decoration\"><\/span><span class=\"cosmecos-heading-content\">E-posta<\/span><\/h5>\n                    <div class=\"icon-box-info\">\n                        <p><a href=\"mailto:support@joellekozmetik.com\">info@joellekozmetik.com<br \/><br \/><\/a><\/p>                    <\/div>\n                <\/div>\n            <\/div>\n        <\/div>\n        \t\t\t\t<\/div>\n\t\t\t\t<\/div>\n\t\t\t\t\t<\/div>\n\t\t<\/div>\n\t\t\t\t\t<\/div>\n\t\t<\/section>\n\t\t\t\t<section class=\"elementor-section elementor-top-section elementor-element elementor-element-f74803c elementor-section-full_width elementor-section-stretched elementor-section-height-default elementor-section-height-default\" data-id=\"f74803c\" data-element_type=\"section\" data-settings=\"{&quot;stretch_section&quot;:&quot;section-stretched&quot;}\">\n\t\t\t\t\t\t<div class=\"elementor-container elementor-column-gap-no\">\n\t\t\t\t\t<div class=\"elementor-column elementor-col-100 elementor-top-column elementor-element elementor-element-9aac394\" data-id=\"9aac394\" data-element_type=\"column\">\n\t\t\t<div class=\"elementor-widget-wrap elementor-element-populated\">\n\t\t\t\t\t\t<div class=\"elementor-element elementor-element-a2139ec elementor-widget elementor-widget-google_maps\" data-id=\"a2139ec\" data-element_type=\"widget\" data-widget_type=\"google_maps.default\">\n\t\t\t\t<div class=\"elementor-widget-container\">\n\t\t\t\t\t\t\t<div class=\"elementor-custom-embed\">\n\t\t\t<iframe loading=\"lazy\"\n\t\t\t\t\tsrc=\"https:\/\/maps.google.com\/maps?q=%20SANAY%C4%B0%20MAH.%2060208%20NOLU%20CAD.%20NO%3A%2084%20%C5%9EEH%C4%B0TKAM%C4%B0L%2F%20Gaziantep%20-%20Turkey&#038;t=m&#038;z=18&#038;output=embed&#038;iwloc=near\"\n\t\t\t\t\ttitle=\" SANAY\u0130 MAH. 60208 NOLU CAD. NO: 84 \u015eEH\u0130TKAM\u0130L\/ Gaziantep - Turkey\"\n\t\t\t\t\taria-label=\" SANAY\u0130 MAH. 60208 NOLU CAD. NO: 84 \u015eEH\u0130TKAM\u0130L\/ Gaziantep - Turkey\"\n\t\t\t><\/iframe>\n\t\t<\/div>\n\t\t\t\t\t\t<\/div>\n\t\t\t\t<\/div>\n\t\t\t\t\t<\/div>\n\t\t<\/div>\n\t\t\t\t\t<\/div>\n\t\t<\/section>\n\t\t\t\t<section class=\"elementor-section elementor-top-section elementor-element elementor-element-8a33142 elementor-section-boxed elementor-section-height-default elementor-section-height-default\" data-id=\"8a33142\" data-element_type=\"section\">\n\t\t\t\t\t\t<div class=\"elementor-container elementor-column-gap-extended\">\n\t\t\t\t\t<div class=\"elementor-column elementor-col-50 elementor-top-column elementor-element elementor-element-5c46ebe\" data-id=\"5c46ebe\" data-element_type=\"column\">\n\t\t\t<div class=\"elementor-widget-wrap elementor-element-populated\">\n\t\t\t\t\t\t<div class=\"elementor-element elementor-element-5ee6fb2 elementor-widget elementor-widget-cosmecos_heading\" data-id=\"5ee6fb2\" data-element_type=\"widget\" data-widget_type=\"cosmecos_heading.default\">\n\t\t\t\t<div class=\"elementor-widget-container\">\n\t\t\t\t\t<div class=\"cosmecos-heading-widget\"><h4 class=\"cosmecos-heading\"><span class=\"cosmecos-title-decoration\"><\/span><span class=\"cosmecos-heading-content\">\u0130leti\u015fim<\/span><\/h4><\/div>\t\t\t\t<\/div>\n\t\t\t\t<\/div>\n\t\t\t\t<div class=\"elementor-element elementor-element-047ad49 elementor-widget elementor-widget-text-editor\" data-id=\"047ad49\" data-element_type=\"widget\" data-widget_type=\"text-editor.default\">\n\t\t\t\t<div class=\"elementor-widget-container\">\n\t\t\t\t\t\t\t\t\t<p>E-posta adresiniz yay\u0131nlanmayacak. Gerekli alanlar * ile i\u015faretlenmi\u015ftir<\/p>\t\t\t\t\t\t\t\t<\/div>\n\t\t\t\t<\/div>\n\t\t\t\t<div class=\"elementor-element elementor-element-12ce9a0 elementor-widget elementor-widget-cosmecos_wpforms\" data-id=\"12ce9a0\" data-element_type=\"widget\" data-widget_type=\"cosmecos_wpforms.default\">\n\t\t\t\t<div class=\"elementor-widget-container\">\n\t\t\t\t\t        <div class=\"cosmecos-wpforms-widget\">\n            <style id=\"wpforms-css-vars-6349\">\n\t\t\t\t#wpforms-6349 {\n\t\t\t\t\n\t\t\t}\n\t\t\t<\/style><div class=\"wpforms-container wpforms-container-full wpforms-render-modern\" id=\"wpforms-6349\"><form id=\"wpforms-form-6349\" class=\"wpforms-validate wpforms-form\" data-formid=\"6349\" method=\"post\" enctype=\"multipart\/form-data\" action=\"\/tr\/wp-json\/wp\/v2\/pages\/6333\" data-token=\"8c75013ea3fb37481195701c05e94bad\" data-token-time=\"1776049732\"><noscript class=\"wpforms-error-noscript\">Bu formu bitirebilmek i\u00e7in taray\u0131c\u0131n\u0131zda JavaScript&#039;i etkinle\u015ftirin.<\/noscript><div id=\"wpforms-error-noscript\" style=\"display: none;\">Bu formu bitirebilmek i\u00e7in taray\u0131c\u0131n\u0131zda JavaScript&#039;i etkinle\u015ftirin.<\/div><div class=\"wpforms-field-container\"><div id=\"wpforms-6349-field_1-container\" class=\"wpforms-field wpforms-field-text wpforms-one-half wpforms-first\" data-field-id=\"1\"><label class=\"wpforms-field-label wpforms-label-hide\" for=\"wpforms-6349-field_1\" aria-hidden=\"false\">\u0130sim <span class=\"wpforms-required-label\" aria-hidden=\"true\">*<\/span><\/label><input type=\"text\" id=\"wpforms-6349-field_1\" class=\"wpforms-field-large wpforms-field-required\" name=\"wpforms[fields][1]\" placeholder=\"\u0130sim *\" aria-errormessage=\"wpforms-6349-field_1-error\" required><\/div><div id=\"wpforms-6349-field_2-container\" class=\"wpforms-field wpforms-field-email wpforms-one-half\" data-field-id=\"2\"><label class=\"wpforms-field-label wpforms-label-hide\" for=\"wpforms-6349-field_2\" aria-hidden=\"false\">E-posta <span class=\"wpforms-required-label\" aria-hidden=\"true\">*<\/span><\/label><input type=\"email\" id=\"wpforms-6349-field_2\" class=\"wpforms-field-large wpforms-field-required\" name=\"wpforms[fields][2]\" placeholder=\"E-posta *\" spellcheck=\"false\" aria-errormessage=\"wpforms-6349-field_2-error\" required><\/div><div id=\"wpforms-6349-field_4-container\" class=\"wpforms-field wpforms-field-text\" data-field-id=\"4\"><label class=\"wpforms-field-label wpforms-label-hide\" for=\"wpforms-6349-field_4\" aria-hidden=\"false\">Mesaj ba\u015fl\u0131\u011f\u0131<\/label><input type=\"text\" id=\"wpforms-6349-field_4\" class=\"wpforms-field-large\" name=\"wpforms[fields][4]\" placeholder=\"Mesaj ba\u015fl\u0131\u011f\u0131\" aria-errormessage=\"wpforms-6349-field_4-error\" ><\/div><div id=\"wpforms-6349-field_5-container\" class=\"wpforms-field wpforms-field-textarea\" data-field-id=\"5\"><label class=\"wpforms-field-label wpforms-label-hide\" for=\"wpforms-6349-field_5\" aria-hidden=\"false\">Mesaj<\/label><textarea id=\"wpforms-6349-field_5\" class=\"wpforms-field-medium\" name=\"wpforms[fields][5]\" placeholder=\"Mesaj\" aria-errormessage=\"wpforms-6349-field_5-error\" ><\/textarea><\/div><\/div><!-- .wpforms-field-container --><div class=\"wpforms-submit-container\" ><input type=\"hidden\" name=\"wpforms[id]\" value=\"6349\"><input type=\"hidden\" name=\"page_title\" value=\"\"><input type=\"hidden\" name=\"page_url\" value=\"https:\/\/joellekozmetik.com\/tr\/wp-json\/wp\/v2\/pages\/6333\"><input type=\"hidden\" name=\"url_referer\" value=\"\"><button type=\"submit\" name=\"wpforms[submit]\" id=\"wpforms-submit-6349\" class=\"wpforms-submit\" data-alt-text=\"\u064a\u062a\u0645 \u0627\u0644\u0625\u0631\u0633\u0627\u0644...\" data-submit-text=\"G\u00f6nder\" aria-live=\"assertive\" value=\"wpforms-submit\">G\u00f6nder<\/button><\/div><\/form><\/div>  <!-- .wpforms-container -->        <\/div>\n        \t\t\t\t<\/div>\n\t\t\t\t<\/div>\n\t\t\t\t\t<\/div>\n\t\t<\/div>\n\t\t\t\t<div class=\"elementor-column elementor-col-50 elementor-top-column elementor-element elementor-element-246edfe\" data-id=\"246edfe\" data-element_type=\"column\">\n\t\t\t<div class=\"elementor-widget-wrap elementor-element-populated\">\n\t\t\t\t\t\t<div class=\"elementor-element elementor-element-6aafe02 elementor-widget elementor-widget-cosmecos_image\" data-id=\"6aafe02\" data-element_type=\"widget\" data-widget_type=\"cosmecos_image.default\">\n\t\t\t\t<div class=\"elementor-widget-container\">\n\t\t\t\t\t        <div class=\"image-widget\">\n            <div class=\"image-container image-style-default\">\n                <img decoding=\"async\" class=\"main-image\" src=\"https:\/\/joellekozmetik.com\/wp-content\/uploads\/2024\/09\/\u062a\u0648\u0627\u0635\u0644-\u0645\u0639\u0646\u0627-1.png\" alt=\"\" \/>\n                            <\/div>\n        <\/div>\n        \t\t\t\t<\/div>\n\t\t\t\t<\/div>\n\t\t\t\t\t<\/div>\n\t\t<\/div>\n\t\t\t\t\t<\/div>\n\t\t<\/section>\n\t\t\t\t<\/div>\n\t\t","protected":false},"excerpt":{"rendered":"<p>E-posta adresiniz yay\u0131nlanmayacak. Gerekli alanlar * ile i\u015faretlenmi\u015ftir<\/p>\n","protected":false},"author":1,"featured_media":0,"parent":0,"menu_order":0,"comment_status":"closed","ping_status":"closed","template":"","meta":{"footnotes":""},"class_list":["post-6333","page","type-page","status-publish","hentry"],"_links":{"self":[{"href":"https:\/\/joellekozmetik.com\/tr\/wp-json\/wp\/v2\/pages\/6333","targetHints":{"allow":["GET"]}}],"collection":[{"href":"https:\/\/joellekozmetik.com\/tr\/wp-json\/wp\/v2\/pages"}],"about":[{"href":"https:\/\/joellekozmetik.com\/tr\/wp-json\/wp\/v2\/types\/page"}],"author":[{"embeddable":true,"href":"https:\/\/joellekozmetik.com\/tr\/wp-json\/wp\/v2\/users\/1"}],"replies":[{"embeddable":true,"href":"https:\/\/joellekozmetik.com\/tr\/wp-json\/wp\/v2\/comments?post=6333"}],"version-history":[{"count":10,"href":"https:\/\/joellekozmetik.com\/tr\/wp-json\/wp\/v2\/pages\/6333\/revisions"}],"predecessor-version":[{"id":6358,"href":"https:\/\/joellekozmetik.com\/tr\/wp-json\/wp\/v2\/pages\/6333\/revisions\/6358"}],"wp:attachment":[{"href":"https:\/\/joellekozmetik.com\/tr\/wp-json\/wp\/v2\/media?parent=6333"}],"curies":[{"name":"wp","href":"https:\/\/api.w.org\/{rel}","templated":true}]}}